{"id":151,"date":"2024-12-04T09:11:53","date_gmt":"2024-12-04T08:11:53","guid":{"rendered":"https:\/\/edeledesign.com\/?page_id=151"},"modified":"2024-12-04T16:41:33","modified_gmt":"2024-12-04T15:41:33","slug":"nous-contacter","status":"publish","type":"page","link":"https:\/\/edeledesign.com\/index.php\/nous-contacter\/","title":{"rendered":"Parlez-moi de votre projet\u00a0!"},"content":{"rendered":"\n<figure class=\"wp-block-image size-large\"><img loading=\"lazy\" decoding=\"async\" width=\"1024\" height=\"271\" src=\"https:\/\/edeledesign.com\/wp-content\/uploads\/2024\/12\/edele_contact2-2-1024x271.jpg\" alt=\"\" class=\"wp-image-152\" srcset=\"https:\/\/edeledesign.com\/wp-content\/uploads\/2024\/12\/edele_contact2-2-1024x271.jpg 1024w, https:\/\/edeledesign.com\/wp-content\/uploads\/2024\/12\/edele_contact2-2-300x80.jpg 300w, https:\/\/edeledesign.com\/wp-content\/uploads\/2024\/12\/edele_contact2-2-768x204.jpg 768w, https:\/\/edeledesign.com\/wp-content\/uploads\/2024\/12\/edele_contact2-2-1170x310.jpg 1170w, https:\/\/edeledesign.com\/wp-content\/uploads\/2024\/12\/edele_contact2-2.jpg 1200w\" sizes=\"auto, (max-width: 1024px) 100vw, 1024px\" \/><\/figure>\n\n\n<div class=\"wpforms-container wpforms-container-full wpforms-block wpforms-block-8674baad-a3d3-4843-bf13-ee4467ec2812 wpforms-render-modern\" id=\"wpforms-125\"><form id=\"wpforms-form-125\" class=\"wpforms-validate wpforms-form wpforms-ajax-form\" data-formid=\"125\" method=\"post\" enctype=\"multipart\/form-data\" action=\"\/index.php\/wp-json\/wp\/v2\/pages\/151\" data-token=\"9bb0b0660c0e6f1900059999f3f18508\" data-token-time=\"1777027013\"><noscript class=\"wpforms-error-noscript\">Veuillez activer JavaScript dans votre navigateur pour remplir ce formulaire.<\/noscript><div id=\"wpforms-error-noscript\" style=\"display: none;\">Veuillez activer JavaScript dans votre navigateur pour remplir ce formulaire.<\/div><div class=\"wpforms-field-container\"><div id=\"wpforms-125-field_1-container\" class=\"wpforms-field wpforms-field-name\" data-field-id=\"1\"><fieldset><legend class=\"wpforms-field-label\">Vos coordonn\u00e9es <span class=\"wpforms-required-label\" aria-hidden=\"true\">*<\/span><\/legend><div class=\"wpforms-field-row wpforms-field-medium\"><div class=\"wpforms-field-row-block wpforms-first wpforms-one-half\"><input type=\"text\" id=\"wpforms-125-field_1\" class=\"wpforms-field-name-first wpforms-field-required\" name=\"wpforms[fields][1][first]\" aria-errormessage=\"wpforms-125-field_1-error\" required><label for=\"wpforms-125-field_1\" class=\"wpforms-field-sublabel after\">Pr\u00e9nom<\/label><\/div><div class=\"wpforms-field-row-block wpforms-one-half\"><input type=\"text\" id=\"wpforms-125-field_1-last\" class=\"wpforms-field-name-last wpforms-field-required\" name=\"wpforms[fields][1][last]\" aria-errormessage=\"wpforms-125-field_1-last-error\" required><label for=\"wpforms-125-field_1-last\" class=\"wpforms-field-sublabel after\">Nom<\/label><\/div><\/div><\/fieldset><\/div>\t\t<div id=\"wpforms-125-field_4-container\"\n\t\t\tclass=\"wpforms-field wpforms-field-text\"\n\t\t\tdata-field-type=\"text\"\n\t\t\tdata-field-id=\"4\"\n\t\t\t>\n\t\t\t<label class=\"wpforms-field-label\" for=\"wpforms-125-field_4\" >Parlez-moi  coordonn\u00e9es<\/label>\n\t\t\t<input type=\"text\" id=\"wpforms-125-field_4\" class=\"wpforms-field-medium\" name=\"wpforms[fields][4]\" >\n\t\t<\/div>\n\t\t<div id=\"wpforms-125-field_2-container\" class=\"wpforms-field wpforms-field-email\" data-field-id=\"2\"><label class=\"wpforms-field-label\" for=\"wpforms-125-field_2\">E-mail <span class=\"wpforms-required-label\" aria-hidden=\"true\">*<\/span><\/label><input type=\"email\" id=\"wpforms-125-field_2\" class=\"wpforms-field-medium wpforms-field-required\" name=\"wpforms[fields][2]\" spellcheck=\"false\" aria-errormessage=\"wpforms-125-field_2-error\" required><\/div><div id=\"wpforms-125-field_6-container\" class=\"wpforms-field wpforms-field-text\" data-field-id=\"6\"><label class=\"wpforms-field-label\" for=\"wpforms-125-field_6\">T\u00e9l\u00e9phone <span class=\"wpforms-required-label\" aria-hidden=\"true\">*<\/span><\/label><input type=\"text\" id=\"wpforms-125-field_6\" class=\"wpforms-field-medium wpforms-field-required\" name=\"wpforms[fields][6]\" aria-errormessage=\"wpforms-125-field_6-error\" required><\/div><div id=\"wpforms-125-field_3-container\" class=\"wpforms-field wpforms-field-textarea\" data-field-id=\"3\"><label class=\"wpforms-field-label\" for=\"wpforms-125-field_3\">Parlez-moi de votre projet !  <span class=\"wpforms-required-label\" aria-hidden=\"true\">*<\/span><\/label><textarea id=\"wpforms-125-field_3\" class=\"wpforms-field-medium wpforms-field-required wpforms-limit-characters-enabled\" data-form-id=\"125\" data-field-id=\"3\" data-text-limit=\"600\" name=\"wpforms[fields][3]\" aria-errormessage=\"wpforms-125-field_3-error\" maxlength=\"600\" required><\/textarea><\/div><script>\n\t\t\t\t( function() {\n\t\t\t\t\tconst style = document.createElement( 'style' );\n\t\t\t\t\tstyle.appendChild( document.createTextNode( '#wpforms-125-field_4-container { position: absolute !important; overflow: hidden !important; display: inline !important; height: 1px !important; width: 1px !important; z-index: -1000 !important; padding: 0 !important; } #wpforms-125-field_4-container input { visibility: hidden; } #wpforms-conversational-form-page #wpforms-125-field_4-container label { counter-increment: none; }' ) );\n\t\t\t\t\tdocument.head.appendChild( style );\n\t\t\t\t\tdocument.currentScript?.remove();\n\t\t\t\t} )();\n\t\t\t<\/script><\/div><!-- .wpforms-field-container --><div class=\"wpforms-submit-container\" ><input type=\"hidden\" name=\"wpforms[id]\" value=\"125\"><input type=\"hidden\" name=\"page_title\" value=\"\"><input type=\"hidden\" name=\"page_url\" value=\"https:\/\/edeledesign.com\/index.php\/wp-json\/wp\/v2\/pages\/151\"><input type=\"hidden\" name=\"url_referer\" value=\"\"><button type=\"submit\" name=\"wpforms[submit]\" id=\"wpforms-submit-125\" class=\"wpforms-submit\" data-alt-text=\"Envoyer\" data-submit-text=\"Envoyer\" aria-live=\"assertive\" value=\"wpforms-submit\">Envoyer<\/button><img loading=\"lazy\" decoding=\"async\" src=\"https:\/\/edeledesign.com\/wp-content\/plugins\/wpforms-lite\/assets\/images\/submit-spin.svg\" class=\"wpforms-submit-spinner\" style=\"display: none;\" width=\"26\" height=\"26\" alt=\"Chargement en cours\"><\/div><\/form><\/div>  <!-- .wpforms-container -->","protected":false},"excerpt":{"rendered":"","protected":false},"author":1,"featured_media":0,"parent":0,"menu_order":0,"comment_status":"closed","ping_status":"closed","template":"","meta":{"footnotes":""},"class_list":["post-151","page","type-page","status-publish","hentry"],"yoast_head":"<!-- This site is optimized with the Yoast SEO plugin v26.1.1 - https:\/\/yoast.com\/wordpress\/plugins\/seo\/ -->\n<title>Parlez-moi de votre projet\u00a0! - Edele design d&#039;int\u00e9rieur<\/title>\n<meta name=\"robots\" content=\"index, follow, max-snippet:-1, max-image-preview:large, max-video-preview:-1\" \/>\n<link rel=\"canonical\" href=\"https:\/\/edeledesign.com\/index.php\/nous-contacter\/\" \/>\n<meta property=\"og:locale\" content=\"fr_FR\" \/>\n<meta property=\"og:type\" content=\"article\" \/>\n<meta property=\"og:title\" content=\"Parlez-moi de votre projet\u00a0! - Edele design d&#039;int\u00e9rieur\" \/>\n<meta property=\"og:url\" content=\"https:\/\/edeledesign.com\/index.php\/nous-contacter\/\" \/>\n<meta property=\"og:site_name\" content=\"Edele design d&#039;int\u00e9rieur\" \/>\n<meta property=\"article:publisher\" content=\"https:\/\/www.facebook.com\/share\/N6CjsTkFMpARVFYj\/?mibextid=LQQJ4d\" \/>\n<meta property=\"article:modified_time\" content=\"2024-12-04T15:41:33+00:00\" \/>\n<meta property=\"og:image\" content=\"https:\/\/edeledesign.com\/wp-content\/uploads\/2024\/12\/edele_contact2-2.jpg\" \/>\n\t<meta property=\"og:image:width\" content=\"1200\" \/>\n\t<meta property=\"og:image:height\" content=\"318\" \/>\n\t<meta property=\"og:image:type\" content=\"image\/jpeg\" \/>\n<meta name=\"twitter:card\" content=\"summary_large_image\" \/>\n<script type=\"application\/ld+json\" class=\"yoast-schema-graph\">{\"@context\":\"https:\/\/schema.org\",\"@graph\":[{\"@type\":\"WebPage\",\"@id\":\"https:\/\/edeledesign.com\/index.php\/nous-contacter\/\",\"url\":\"https:\/\/edeledesign.com\/index.php\/nous-contacter\/\",\"name\":\"Parlez-moi de votre projet\u00a0! - Edele design d&#039;int\u00e9rieur\",\"isPartOf\":{\"@id\":\"https:\/\/edeledesign.com\/#website\"},\"primaryImageOfPage\":{\"@id\":\"https:\/\/edeledesign.com\/index.php\/nous-contacter\/#primaryimage\"},\"image\":{\"@id\":\"https:\/\/edeledesign.com\/index.php\/nous-contacter\/#primaryimage\"},\"thumbnailUrl\":\"https:\/\/edeledesign.com\/wp-content\/uploads\/2024\/12\/edele_contact2-2-1024x271.jpg\",\"datePublished\":\"2024-12-04T08:11:53+00:00\",\"dateModified\":\"2024-12-04T15:41:33+00:00\",\"breadcrumb\":{\"@id\":\"https:\/\/edeledesign.com\/index.php\/nous-contacter\/#breadcrumb\"},\"inLanguage\":\"fr-FR\",\"potentialAction\":[{\"@type\":\"ReadAction\",\"target\":[\"https:\/\/edeledesign.com\/index.php\/nous-contacter\/\"]}]},{\"@type\":\"ImageObject\",\"inLanguage\":\"fr-FR\",\"@id\":\"https:\/\/edeledesign.com\/index.php\/nous-contacter\/#primaryimage\",\"url\":\"https:\/\/edeledesign.com\/wp-content\/uploads\/2024\/12\/edele_contact2-2.jpg\",\"contentUrl\":\"https:\/\/edeledesign.com\/wp-content\/uploads\/2024\/12\/edele_contact2-2.jpg\",\"width\":1200,\"height\":318},{\"@type\":\"BreadcrumbList\",\"@id\":\"https:\/\/edeledesign.com\/index.php\/nous-contacter\/#breadcrumb\",\"itemListElement\":[{\"@type\":\"ListItem\",\"position\":1,\"name\":\"Accueil\",\"item\":\"https:\/\/edeledesign.com\/\"},{\"@type\":\"ListItem\",\"position\":2,\"name\":\"Parlez-moi de votre projet\u00a0!\"}]},{\"@type\":\"WebSite\",\"@id\":\"https:\/\/edeledesign.com\/#website\",\"url\":\"https:\/\/edeledesign.com\/\",\"name\":\"Edele design d'int\u00e9rieur\",\"description\":\"Ensemble, donnons vie \u00e0 un int\u00e9rieur qui vous ressemble et qui am\u00e9liore votre quotidien ou votre activit\u00e9 !\",\"publisher\":{\"@id\":\"https:\/\/edeledesign.com\/#organization\"},\"potentialAction\":[{\"@type\":\"SearchAction\",\"target\":{\"@type\":\"EntryPoint\",\"urlTemplate\":\"https:\/\/edeledesign.com\/?s={search_term_string}\"},\"query-input\":{\"@type\":\"PropertyValueSpecification\",\"valueRequired\":true,\"valueName\":\"search_term_string\"}}],\"inLanguage\":\"fr-FR\"},{\"@type\":\"Organization\",\"@id\":\"https:\/\/edeledesign.com\/#organization\",\"name\":\"Edele design d'int\u00e9rieur\",\"url\":\"https:\/\/edeledesign.com\/\",\"logo\":{\"@type\":\"ImageObject\",\"inLanguage\":\"fr-FR\",\"@id\":\"https:\/\/edeledesign.com\/#\/schema\/logo\/image\/\",\"url\":\"https:\/\/edeledesign.com\/wp-content\/uploads\/2024\/12\/logo_edele_site.png\",\"contentUrl\":\"https:\/\/edeledesign.com\/wp-content\/uploads\/2024\/12\/logo_edele_site.png\",\"width\":400,\"height\":233,\"caption\":\"Edele design d'int\u00e9rieur\"},\"image\":{\"@id\":\"https:\/\/edeledesign.com\/#\/schema\/logo\/image\/\"},\"sameAs\":[\"https:\/\/www.facebook.com\/share\/N6CjsTkFMpARVFYj\/?mibextid=LQQJ4d\",\"https:\/\/www.instagram.com\/edeledesign?igsh=MTF3Z3dvdzhqYTVtaw&utm_source=qr\"]}]}<\/script>\n<!-- \/ Yoast SEO plugin. -->","yoast_head_json":{"title":"Parlez-moi de votre projet\u00a0! - Edele design d&#039;int\u00e9rieur","robots":{"index":"index","follow":"follow","max-snippet":"max-snippet:-1","max-image-preview":"max-image-preview:large","max-video-preview":"max-video-preview:-1"},"canonical":"https:\/\/edeledesign.com\/index.php\/nous-contacter\/","og_locale":"fr_FR","og_type":"article","og_title":"Parlez-moi de votre projet\u00a0! - Edele design d&#039;int\u00e9rieur","og_url":"https:\/\/edeledesign.com\/index.php\/nous-contacter\/","og_site_name":"Edele design d&#039;int\u00e9rieur","article_publisher":"https:\/\/www.facebook.com\/share\/N6CjsTkFMpARVFYj\/?mibextid=LQQJ4d","article_modified_time":"2024-12-04T15:41:33+00:00","og_image":[{"width":1200,"height":318,"url":"https:\/\/edeledesign.com\/wp-content\/uploads\/2024\/12\/edele_contact2-2.jpg","type":"image\/jpeg"}],"twitter_card":"summary_large_image","schema":{"@context":"https:\/\/schema.org","@graph":[{"@type":"WebPage","@id":"https:\/\/edeledesign.com\/index.php\/nous-contacter\/","url":"https:\/\/edeledesign.com\/index.php\/nous-contacter\/","name":"Parlez-moi de votre projet\u00a0! - Edele design d&#039;int\u00e9rieur","isPartOf":{"@id":"https:\/\/edeledesign.com\/#website"},"primaryImageOfPage":{"@id":"https:\/\/edeledesign.com\/index.php\/nous-contacter\/#primaryimage"},"image":{"@id":"https:\/\/edeledesign.com\/index.php\/nous-contacter\/#primaryimage"},"thumbnailUrl":"https:\/\/edeledesign.com\/wp-content\/uploads\/2024\/12\/edele_contact2-2-1024x271.jpg","datePublished":"2024-12-04T08:11:53+00:00","dateModified":"2024-12-04T15:41:33+00:00","breadcrumb":{"@id":"https:\/\/edeledesign.com\/index.php\/nous-contacter\/#breadcrumb"},"inLanguage":"fr-FR","potentialAction":[{"@type":"ReadAction","target":["https:\/\/edeledesign.com\/index.php\/nous-contacter\/"]}]},{"@type":"ImageObject","inLanguage":"fr-FR","@id":"https:\/\/edeledesign.com\/index.php\/nous-contacter\/#primaryimage","url":"https:\/\/edeledesign.com\/wp-content\/uploads\/2024\/12\/edele_contact2-2.jpg","contentUrl":"https:\/\/edeledesign.com\/wp-content\/uploads\/2024\/12\/edele_contact2-2.jpg","width":1200,"height":318},{"@type":"BreadcrumbList","@id":"https:\/\/edeledesign.com\/index.php\/nous-contacter\/#breadcrumb","itemListElement":[{"@type":"ListItem","position":1,"name":"Accueil","item":"https:\/\/edeledesign.com\/"},{"@type":"ListItem","position":2,"name":"Parlez-moi de votre projet\u00a0!"}]},{"@type":"WebSite","@id":"https:\/\/edeledesign.com\/#website","url":"https:\/\/edeledesign.com\/","name":"Edele design d'int\u00e9rieur","description":"Ensemble, donnons vie \u00e0 un int\u00e9rieur qui vous ressemble et qui am\u00e9liore votre quotidien ou votre activit\u00e9 !","publisher":{"@id":"https:\/\/edeledesign.com\/#organization"},"potentialAction":[{"@type":"SearchAction","target":{"@type":"EntryPoint","urlTemplate":"https:\/\/edeledesign.com\/?s={search_term_string}"},"query-input":{"@type":"PropertyValueSpecification","valueRequired":true,"valueName":"search_term_string"}}],"inLanguage":"fr-FR"},{"@type":"Organization","@id":"https:\/\/edeledesign.com\/#organization","name":"Edele design d'int\u00e9rieur","url":"https:\/\/edeledesign.com\/","logo":{"@type":"ImageObject","inLanguage":"fr-FR","@id":"https:\/\/edeledesign.com\/#\/schema\/logo\/image\/","url":"https:\/\/edeledesign.com\/wp-content\/uploads\/2024\/12\/logo_edele_site.png","contentUrl":"https:\/\/edeledesign.com\/wp-content\/uploads\/2024\/12\/logo_edele_site.png","width":400,"height":233,"caption":"Edele design d'int\u00e9rieur"},"image":{"@id":"https:\/\/edeledesign.com\/#\/schema\/logo\/image\/"},"sameAs":["https:\/\/www.facebook.com\/share\/N6CjsTkFMpARVFYj\/?mibextid=LQQJ4d","https:\/\/www.instagram.com\/edeledesign?igsh=MTF3Z3dvdzhqYTVtaw&utm_source=qr"]}]}},"_links":{"self":[{"href":"https:\/\/edeledesign.com\/index.php\/wp-json\/wp\/v2\/pages\/151","targetHints":{"allow":["GET"]}}],"collection":[{"href":"https:\/\/edeledesign.com\/index.php\/wp-json\/wp\/v2\/pages"}],"about":[{"href":"https:\/\/edeledesign.com\/index.php\/wp-json\/wp\/v2\/types\/page"}],"author":[{"embeddable":true,"href":"https:\/\/edeledesign.com\/index.php\/wp-json\/wp\/v2\/users\/1"}],"replies":[{"embeddable":true,"href":"https:\/\/edeledesign.com\/index.php\/wp-json\/wp\/v2\/comments?post=151"}],"version-history":[{"count":4,"href":"https:\/\/edeledesign.com\/index.php\/wp-json\/wp\/v2\/pages\/151\/revisions"}],"predecessor-version":[{"id":171,"href":"https:\/\/edeledesign.com\/index.php\/wp-json\/wp\/v2\/pages\/151\/revisions\/171"}],"wp:attachment":[{"href":"https:\/\/edeledesign.com\/index.php\/wp-json\/wp\/v2\/media?parent=151"}],"curies":[{"name":"wp","href":"https:\/\/api.w.org\/{rel}","templated":true}]}}